{"id":15848,"date":"2026-05-10T16:46:32","date_gmt":"2026-05-10T16:46:32","guid":{"rendered":"https:\/\/anheritage.com\/product\/dong-dong-silk-v-neck-ruffled-gown\/"},"modified":"2026-05-12T06:41:20","modified_gmt":"2026-05-12T06:41:20","slug":"dong-dong-silk-v-neck-ruffled-gown","status":"publish","type":"product","link":"https:\/\/anheritage.com\/vi\/san-pham\/dong-dong-silk-v-neck-ruffled-gown\/","title":{"rendered":"\u0110\u00d2NG \u0110\u00d2NG SILK V-NECK RUFFLED GOWN"},"content":{"rendered":"<h4>Material<\/h4>\n<p>Crinkled silk<\/p>\n<h4>Lining<\/h4>\n<p>Satin<\/p>\n<h4>Size chart<\/h4>\n<p>FREESIZE <br \/>\nLenght: 160<\/p>\n<h4>Wearing<\/h4>\n<p>Model is 177cm and wears freesize<\/p>","protected":false},"excerpt":{"rendered":"<p>Material: Crinkled silk<br \/>\nLining: Satin<br \/>\nColor: Moss<br \/>\nSize: Free size<\/p>","protected":false},"featured_media":15849,"comment_status":"open","ping_status":"closed","template":"","meta":[],"product_brand":[],"product_cat":[368],"product_tag":[],"product_collection":[377],"class_list":{"0":"post-15848","1":"product","2":"type-product","3":"status-publish","4":"has-post-thumbnail","6":"product_cat-resort-2026","7":"product_collection-resort-2026","9":"first","10":"instock","11":"taxable","12":"shipping-taxable","13":"purchasable","14":"product-type-variable"},"_links":{"self":[{"href":"https:\/\/anheritage.com\/vi\/wp-json\/wp\/v2\/product\/15848","targetHints":{"allow":["GET"]}}],"collection":[{"href":"https:\/\/anheritage.com\/vi\/wp-json\/wp\/v2\/product"}],"about":[{"href":"https:\/\/anheritage.com\/vi\/wp-json\/wp\/v2\/types\/product"}],"replies":[{"embeddable":true,"href":"https:\/\/anheritage.com\/vi\/wp-json\/wp\/v2\/comments?post=15848"}],"wp:featuredmedia":[{"embeddable":true,"href":"https:\/\/anheritage.com\/vi\/wp-json\/wp\/v2\/media\/15849"}],"wp:attachment":[{"href":"https:\/\/anheritage.com\/vi\/wp-json\/wp\/v2\/media?parent=15848"}],"wp:term":[{"taxonomy":"product_brand","embeddable":true,"href":"https:\/\/anheritage.com\/vi\/wp-json\/wp\/v2\/product_brand?post=15848"},{"taxonomy":"product_cat","embeddable":true,"href":"https:\/\/anheritage.com\/vi\/wp-json\/wp\/v2\/product_cat?post=15848"},{"taxonomy":"product_tag","embeddable":true,"href":"https:\/\/anheritage.com\/vi\/wp-json\/wp\/v2\/product_tag?post=15848"},{"taxonomy":"product_collection","embeddable":true,"href":"https:\/\/anheritage.com\/vi\/wp-json\/wp\/v2\/product_collection?post=15848"}],"curies":[{"name":"wp","href":"https:\/\/api.w.org\/{rel}","templated":true}]}}