{"id":15829,"date":"2026-05-10T16:45:56","date_gmt":"2026-05-10T16:45:56","guid":{"rendered":"https:\/\/anheritage.com\/product\/lang-dang-silk-camisole-top\/"},"modified":"2026-05-12T06:41:20","modified_gmt":"2026-05-12T06:41:20","slug":"lang-dang-silk-camisole-top","status":"publish","type":"product","link":"https:\/\/anheritage.com\/vi\/san-pham\/lang-dang-silk-camisole-top\/","title":{"rendered":"L\u00c3NG \u0110\u00c3NG SILK CAMISOLE TOP"},"content":{"rendered":"<h4>Material<\/h4>\n<p>Crinkled silk<\/p>\n<h4>Size chart<\/h4>\n<p>FREESIZE <br \/>\nLenght: 30<\/p>\n<h4>Wearing<\/h4>\n<p>Model is 175cm and wears freesize<\/p>","protected":false},"excerpt":{"rendered":"<p>Material: Crinkled silk<br \/>\nColor: Grey<br \/>\nSize: Free size<\/p>","protected":false},"featured_media":15830,"comment_status":"open","ping_status":"closed","template":"","meta":[],"product_brand":[],"product_cat":[368,107],"product_tag":[],"product_collection":[377],"class_list":{"0":"post-15829","1":"product","2":"type-product","3":"status-publish","4":"has-post-thumbnail","6":"product_cat-resort-2026","7":"product_cat-tops","8":"product_collection-resort-2026","10":"first","11":"instock","12":"taxable","13":"shipping-taxable","14":"purchasable","15":"product-type-variable"},"_links":{"self":[{"href":"https:\/\/anheritage.com\/vi\/wp-json\/wp\/v2\/product\/15829","targetHints":{"allow":["GET"]}}],"collection":[{"href":"https:\/\/anheritage.com\/vi\/wp-json\/wp\/v2\/product"}],"about":[{"href":"https:\/\/anheritage.com\/vi\/wp-json\/wp\/v2\/types\/product"}],"replies":[{"embeddable":true,"href":"https:\/\/anheritage.com\/vi\/wp-json\/wp\/v2\/comments?post=15829"}],"wp:featuredmedia":[{"embeddable":true,"href":"https:\/\/anheritage.com\/vi\/wp-json\/wp\/v2\/media\/15830"}],"wp:attachment":[{"href":"https:\/\/anheritage.com\/vi\/wp-json\/wp\/v2\/media?parent=15829"}],"wp:term":[{"taxonomy":"product_brand","embeddable":true,"href":"https:\/\/anheritage.com\/vi\/wp-json\/wp\/v2\/product_brand?post=15829"},{"taxonomy":"product_cat","embeddable":true,"href":"https:\/\/anheritage.com\/vi\/wp-json\/wp\/v2\/product_cat?post=15829"},{"taxonomy":"product_tag","embeddable":true,"href":"https:\/\/anheritage.com\/vi\/wp-json\/wp\/v2\/product_tag?post=15829"},{"taxonomy":"product_collection","embeddable":true,"href":"https:\/\/anheritage.com\/vi\/wp-json\/wp\/v2\/product_collection?post=15829"}],"curies":[{"name":"wp","href":"https:\/\/api.w.org\/{rel}","templated":true}]}}